{"id":13,"date":"2024-06-08T00:18:35","date_gmt":"2024-06-08T00:18:35","guid":{"rendered":"https:\/\/marecheiaproducoes.com.br\/?page_id=13"},"modified":"2024-06-08T00:31:36","modified_gmt":"2024-06-08T00:31:36","slug":"mare-cheia-producoes","status":"publish","type":"page","link":"https:\/\/marecheiaproducoes.com.br\/","title":{"rendered":"Mar\u00e9 Cheia Produ\u00e7\u00f5es"},"content":{"rendered":"<div class=\"fusion-fullwidth fullwidth-box fusion-builder-row-1 fusion-flex-container has-pattern-background has-mask-background nonhundred-percent-fullwidth non-hundred-percent-height-scrolling\" style=\"--awb-border-radius-top-left:0px;--awb-border-radius-top-right:0px;--awb-border-radius-bottom-right:0px;--awb-border-radius-bottom-left:0px;\" ><div class=\"fusion-builder-row fusion-row fusion-flex-align-items-flex-start\" style=\"max-width:1248px;margin-left: calc(-4% \/ 2 );margin-right: calc(-4% \/ 2 );\"><div class=\"fusion-layout-column fusion_builder_column fusion-builder-column-0 fusion_builder_column_1_1 1_1 fusion-flex-column\" style=\"--awb-bg-size:cover;--awb-width-large:100%;--awb-margin-top-large:0px;--awb-spacing-right-large:1.92%;--awb-margin-bottom-large:20px;--awb-spacing-left-large:1.92%;--awb-width-medium:100%;--awb-order-medium:0;--awb-spacing-right-medium:1.92%;--awb-spacing-left-medium:1.92%;--awb-width-small:100%;--awb-order-small:0;--awb-spacing-right-small:1.92%;--awb-spacing-left-small:1.92%;\"><div class=\"fusion-column-wrapper fusion-column-has-shadow fusion-flex-justify-content-flex-start fusion-content-layout-column\"><div class=\"fusion-image-element \" style=\"text-align:center;--awb-caption-title-size:var(--h2_typography-font-size);--awb-caption-title-transform:var(--h2_typography-text-transform);--awb-caption-title-line-height:var(--h2_typography-line-height);--awb-caption-title-letter-spacing:var(--h2_typography-letter-spacing);\"><span class=\" fusion-imageframe imageframe-none imageframe-1 hover-type-none\"><img decoding=\"async\" width=\"300\" height=\"127\" title=\"marecheia-logo\" src=\"https:\/\/marecheiaproducoes.com.br\/wp-content\/uploads\/2024\/06\/marecheia-logo.png\" alt class=\"img-responsive wp-image-15\" srcset=\"https:\/\/marecheiaproducoes.com.br\/wp-content\/uploads\/2024\/06\/marecheia-logo-200x85.png 200w, https:\/\/marecheiaproducoes.com.br\/wp-content\/uploads\/2024\/06\/marecheia-logo.png 300w\" sizes=\"(max-width: 640px) 100vw, 300px\" \/><\/span><\/div><div class=\"fusion-separator\" style=\"align-self: center;margin-left: auto;margin-right: auto;margin-top:20px;margin-bottom:20px;width:100%;max-width:50%;\"><\/div><div class=\"fusion-title title fusion-title-1 fusion-sep-none fusion-title-center fusion-title-text fusion-title-size-three\" style=\"--awb-text-color:var(--awb-color1);--awb-font-size:20px;\"><h3 class=\"title-heading-center\" style=\"font-family:&quot;Montserrat&quot;;font-style:normal;font-weight:200;margin:0;font-size:1em;\">P\u00e1gina em manuten\u00e7\u00e3o.<\/br><\/br><\/p>\n<p>Mas estamos ativos nas redes<\/h3><\/div><div class=\"fusion-social-links fusion-social-links-1\" style=\"--awb-margin-top:50px;--awb-margin-right:0px;--awb-margin-bottom:0px;--awb-margin-left:0px;--awb-alignment:center;--awb-box-border-top:0px;--awb-box-border-right:0px;--awb-box-border-bottom:0px;--awb-box-border-left:0px;--awb-icon-colors-hover:var(--awb-color4);--awb-box-colors-hover:var(--awb-color1);--awb-box-border-color:var(--awb-color3);--awb-box-border-color-hover:var(--awb-color4);\"><div class=\"fusion-social-networks color-type-custom\"><div class=\"fusion-social-networks-wrapper\"><a class=\"fusion-social-network-icon fusion-tooltip fusion-facebook awb-icon-facebook\" style=\"color:var(--awb-color4);font-size:30px;\" data-placement=\"top\" data-title=\"Facebook\" data-toggle=\"tooltip\" title=\"Facebook\" aria-label=\"facebook\" target=\"_blank\" rel=\"noopener noreferrer\" href=\"https:\/\/www.facebook.com\/MareCheiaProducoes\"><\/a><a class=\"fusion-social-network-icon fusion-tooltip fusion-instagram awb-icon-instagram\" style=\"color:var(--awb-color4);font-size:30px;\" data-placement=\"top\" data-title=\"Instagram\" data-toggle=\"tooltip\" title=\"Instagram\" aria-label=\"instagram\" target=\"_blank\" rel=\"noopener noreferrer\" href=\"https:\/\/instagram.com\/mare_cheia_producoes\/\"><\/a><a class=\"fusion-social-network-icon fusion-tooltip fusion-whatsapp awb-icon-whatsapp\" style=\"color:var(--awb-color4);font-size:30px;\" data-placement=\"top\" data-title=\"WhatsApp\" data-toggle=\"tooltip\" title=\"WhatsApp\" aria-label=\"whatsapp\" target=\"_blank\" rel=\"noopener noreferrer\" href=\"https:\/\/api.whatsapp.com\/send?phone=5571991568161&amp;text=Oi%20Mar%C3%A9%20Cheia\"><\/a><a class=\"fusion-social-network-icon fusion-tooltip fusion-mail awb-icon-mail\" style=\"color:var(--awb-color4);font-size:30px;\" data-placement=\"top\" data-title=\"Email\" data-toggle=\"tooltip\" title=\"Email\" aria-label=\"mail\" target=\"_blank\" rel=\"noopener noreferrer\" href=\"mailto:&#109;ar&#101;c&#104;&#101;ia&#112;ro&#100;&#117;c&#111;&#101;sc&#114;ia&#116;&#105;&#118;as&#064;&#103;ma&#105;.c&#111;&#109;\"><\/a><\/div><\/div><\/div><\/div><\/div><\/div><\/div>\n","protected":false},"excerpt":{"rendered":"","protected":false},"author":1,"featured_media":0,"parent":0,"menu_order":0,"comment_status":"closed","ping_status":"closed","template":"100-width.php","meta":{"footnotes":""},"class_list":["post-13","page","type-page","status-publish","hentry"],"yoast_head":"<!-- This site is optimized with the Yoast SEO plugin v22.8 - https:\/\/yoast.com\/wordpress\/plugins\/seo\/ -->\n<title>Mar\u00e9 Cheia Produ\u00e7\u00f5es - Mar\u00e9 Cheia Produ\u00e7\u00f5es<\/title>\n<meta name=\"robots\" content=\"index, follow, max-snippet:-1, max-image-preview:large, max-video-preview:-1\" \/>\n<link rel=\"canonical\" href=\"https:\/\/marecheiaproducoes.com.br\/\" \/>\n<meta property=\"og:locale\" content=\"pt_BR\" \/>\n<meta property=\"og:type\" content=\"article\" \/>\n<meta property=\"og:title\" content=\"Mar\u00e9 Cheia Produ\u00e7\u00f5es - Mar\u00e9 Cheia Produ\u00e7\u00f5es\" \/>\n<meta property=\"og:url\" content=\"https:\/\/marecheiaproducoes.com.br\/\" \/>\n<meta property=\"og:site_name\" content=\"Mar\u00e9 Cheia Produ\u00e7\u00f5es\" \/>\n<meta property=\"article:modified_time\" content=\"2024-06-08T00:31:36+00:00\" \/>\n<meta name=\"twitter:card\" content=\"summary_large_image\" \/>\n<script type=\"application\/ld+json\" class=\"yoast-schema-graph\">{\"@context\":\"https:\/\/schema.org\",\"@graph\":[{\"@type\":\"WebPage\",\"@id\":\"https:\/\/marecheiaproducoes.com.br\/\",\"url\":\"https:\/\/marecheiaproducoes.com.br\/\",\"name\":\"Mar\u00e9 Cheia Produ\u00e7\u00f5es - Mar\u00e9 Cheia Produ\u00e7\u00f5es\",\"isPartOf\":{\"@id\":\"https:\/\/marecheiaproducoes.com.br\/#website\"},\"datePublished\":\"2024-06-08T00:18:35+00:00\",\"dateModified\":\"2024-06-08T00:31:36+00:00\",\"breadcrumb\":{\"@id\":\"https:\/\/marecheiaproducoes.com.br\/#breadcrumb\"},\"inLanguage\":\"pt-BR\",\"potentialAction\":[{\"@type\":\"ReadAction\",\"target\":[\"https:\/\/marecheiaproducoes.com.br\/\"]}]},{\"@type\":\"BreadcrumbList\",\"@id\":\"https:\/\/marecheiaproducoes.com.br\/#breadcrumb\",\"itemListElement\":[{\"@type\":\"ListItem\",\"position\":1,\"name\":\"In\u00edcio\",\"item\":\"https:\/\/marecheiaproducoes.com.br\/\"},{\"@type\":\"ListItem\",\"position\":2,\"name\":\"Mar\u00e9 Cheia Produ\u00e7\u00f5es\"}]},{\"@type\":\"WebSite\",\"@id\":\"https:\/\/marecheiaproducoes.com.br\/#website\",\"url\":\"https:\/\/marecheiaproducoes.com.br\/\",\"name\":\"Mar\u00e9 Cheia Produ\u00e7\u00f5es\",\"description\":\"Produ\u00e7\u00f5es Culturais\",\"potentialAction\":[{\"@type\":\"SearchAction\",\"target\":{\"@type\":\"EntryPoint\",\"urlTemplate\":\"https:\/\/marecheiaproducoes.com.br\/?s={search_term_string}\"},\"query-input\":\"required name=search_term_string\"}],\"inLanguage\":\"pt-BR\"}]}<\/script>\n<!-- \/ Yoast SEO plugin. -->","yoast_head_json":{"title":"Mar\u00e9 Cheia Produ\u00e7\u00f5es - Mar\u00e9 Cheia Produ\u00e7\u00f5es","robots":{"index":"index","follow":"follow","max-snippet":"max-snippet:-1","max-image-preview":"max-image-preview:large","max-video-preview":"max-video-preview:-1"},"canonical":"https:\/\/marecheiaproducoes.com.br\/","og_locale":"pt_BR","og_type":"article","og_title":"Mar\u00e9 Cheia Produ\u00e7\u00f5es - Mar\u00e9 Cheia Produ\u00e7\u00f5es","og_url":"https:\/\/marecheiaproducoes.com.br\/","og_site_name":"Mar\u00e9 Cheia Produ\u00e7\u00f5es","article_modified_time":"2024-06-08T00:31:36+00:00","twitter_card":"summary_large_image","schema":{"@context":"https:\/\/schema.org","@graph":[{"@type":"WebPage","@id":"https:\/\/marecheiaproducoes.com.br\/","url":"https:\/\/marecheiaproducoes.com.br\/","name":"Mar\u00e9 Cheia Produ\u00e7\u00f5es - Mar\u00e9 Cheia Produ\u00e7\u00f5es","isPartOf":{"@id":"https:\/\/marecheiaproducoes.com.br\/#website"},"datePublished":"2024-06-08T00:18:35+00:00","dateModified":"2024-06-08T00:31:36+00:00","breadcrumb":{"@id":"https:\/\/marecheiaproducoes.com.br\/#breadcrumb"},"inLanguage":"pt-BR","potentialAction":[{"@type":"ReadAction","target":["https:\/\/marecheiaproducoes.com.br\/"]}]},{"@type":"BreadcrumbList","@id":"https:\/\/marecheiaproducoes.com.br\/#breadcrumb","itemListElement":[{"@type":"ListItem","position":1,"name":"In\u00edcio","item":"https:\/\/marecheiaproducoes.com.br\/"},{"@type":"ListItem","position":2,"name":"Mar\u00e9 Cheia Produ\u00e7\u00f5es"}]},{"@type":"WebSite","@id":"https:\/\/marecheiaproducoes.com.br\/#website","url":"https:\/\/marecheiaproducoes.com.br\/","name":"Mar\u00e9 Cheia Produ\u00e7\u00f5es","description":"Produ\u00e7\u00f5es Culturais","potentialAction":[{"@type":"SearchAction","target":{"@type":"EntryPoint","urlTemplate":"https:\/\/marecheiaproducoes.com.br\/?s={search_term_string}"},"query-input":"required name=search_term_string"}],"inLanguage":"pt-BR"}]}},"_links":{"self":[{"href":"https:\/\/marecheiaproducoes.com.br\/index.php\/wp-json\/wp\/v2\/pages\/13","targetHints":{"allow":["GET"]}}],"collection":[{"href":"https:\/\/marecheiaproducoes.com.br\/index.php\/wp-json\/wp\/v2\/pages"}],"about":[{"href":"https:\/\/marecheiaproducoes.com.br\/index.php\/wp-json\/wp\/v2\/types\/page"}],"author":[{"embeddable":true,"href":"https:\/\/marecheiaproducoes.com.br\/index.php\/wp-json\/wp\/v2\/users\/1"}],"replies":[{"embeddable":true,"href":"https:\/\/marecheiaproducoes.com.br\/index.php\/wp-json\/wp\/v2\/comments?post=13"}],"version-history":[{"count":3,"href":"https:\/\/marecheiaproducoes.com.br\/index.php\/wp-json\/wp\/v2\/pages\/13\/revisions"}],"predecessor-version":[{"id":17,"href":"https:\/\/marecheiaproducoes.com.br\/index.php\/wp-json\/wp\/v2\/pages\/13\/revisions\/17"}],"wp:attachment":[{"href":"https:\/\/marecheiaproducoes.com.br\/index.php\/wp-json\/wp\/v2\/media?parent=13"}],"curies":[{"name":"wp","href":"https:\/\/api.w.org\/{rel}","templated":true}]}}